{"id":1356,"date":"2021-05-30T18:40:00","date_gmt":"2021-05-30T16:40:00","guid":{"rendered":"https:\/\/pawel.lublin.pl\/swpawel\/?page_id=1356"},"modified":"2024-09-04T11:40:52","modified_gmt":"2024-09-04T09:40:52","slug":"kontakt-2","status":"publish","type":"page","link":"https:\/\/pawel.lublin.pl\/swpawel\/kontakt-2\/","title":{"rendered":"Kontakt"},"content":{"rendered":"\n<p><\/p>\n\n\n\n<div class=\"wp-block-contact-form-7-contact-form-selector\"><div role=\"form\" class=\"wpcf7\" id=\"wpcf7-f59-o1\" lang=\"pl-PL\" dir=\"ltr\">\n<div class=\"screen-reader-response\"><p role=\"status\" aria-live=\"polite\" aria-atomic=\"true\"><\/p> <ul><\/ul><\/div>\n<form action=\"\/swpawel\/wp-json\/wp\/v2\/pages\/1356#wpcf7-f59-o1\" method=\"post\" class=\"wpcf7-form init\" novalidate=\"novalidate\" data-status=\"init\">\n<div style=\"display: none;\">\n<input type=\"hidden\" name=\"_wpcf7\" value=\"59\" \/>\n<input type=\"hidden\" name=\"_wpcf7_version\" value=\"5.3.2\" \/>\n<input type=\"hidden\" name=\"_wpcf7_locale\" value=\"pl_PL\" \/>\n<input type=\"hidden\" name=\"_wpcf7_unit_tag\" value=\"wpcf7-f59-o1\" \/>\n<input type=\"hidden\" name=\"_wpcf7_container_post\" value=\"0\" \/>\n<input type=\"hidden\" name=\"_wpcf7_posted_data_hash\" value=\"\" \/>\n<\/div>\n<p><label> Imi\u0119 i nazwisko (wymagane)<br \/>\n    <span class=\"wpcf7-form-control-wrap your-name\"><input type=\"text\" name=\"your-name\" value=\"\" size=\"40\" class=\"wpcf7-form-control wpcf7-text wpcf7-validates-as-required\" aria-required=\"true\" aria-invalid=\"false\" \/><\/span> <\/label><\/p>\n<p><label> Adres email (wymagane)<br \/>\n    <span class=\"wpcf7-form-control-wrap your-email\"><input type=\"email\" name=\"your-email\" value=\"\" size=\"40\" class=\"wpcf7-form-control wpcf7-text wpcf7-email wpcf7-validates-as-required wpcf7-validates-as-email\" aria-required=\"true\" aria-invalid=\"false\" \/><\/span> <\/label><\/p>\n<p><label> Temat<br \/>\n    <span class=\"wpcf7-form-control-wrap your-subject\"><input type=\"text\" name=\"your-subject\" value=\"\" size=\"40\" class=\"wpcf7-form-control wpcf7-text\" aria-invalid=\"false\" \/><\/span> <\/label><\/p>\n<p><label> Tre\u015b\u0107 wiadomo\u015bci<br \/>\n    <span class=\"wpcf7-form-control-wrap your-message\"><textarea name=\"your-message\" cols=\"40\" rows=\"10\" class=\"wpcf7-form-control wpcf7-textarea\" aria-invalid=\"false\"><\/textarea><\/span> <\/label><\/p>\n<p><input type=\"submit\" value=\"Wy\u015blij\" class=\"wpcf7-form-control wpcf7-submit\" \/><\/p>\n<p style=\"display: none !important;\" class=\"akismet-fields-container\" data-prefix=\"_wpcf7_ak_\"><label>&#916;<textarea name=\"_wpcf7_ak_hp_textarea\" cols=\"45\" rows=\"8\" maxlength=\"100\"><\/textarea><\/label><input type=\"hidden\" id=\"ak_js_1\" name=\"_wpcf7_ak_js\" value=\"177\"\/><script>document.getElementById( \"ak_js_1\" ).setAttribute( \"value\", ( new Date() ).getTime() );<\/script><\/p><div class=\"wpcf7-response-output\" aria-hidden=\"true\"><\/div><\/form><\/div><\/div>\n\n\n\n<p><strong>Adres pocztowy:<\/strong><\/p>\n\n\n\n<p>Parafia Nawr\u00f3cenia \u015aw. Paw\u0142a<br>ul. Bernardy\u0144ska 5<br>20-109 Lublin<\/p>\n\n\n\n<p><strong>Telefon do kancelarii<\/strong>: 81 532 40 62 czynny w godz. pracy kancelarii <em>&#8211; 17-18<\/em>.<\/p>\n\n\n\n<p class=\"has-medium-font-size\"><strong>Kancelaria parafialna czynna od poniedzia\u0142ku do pi\u0105tku w godz. 17-18.<\/strong><\/p>\n\n\n\n<p><strong>E-mail<\/strong>: parafia.pawel.lublin@gmail.com<\/p>\n\n\n\n<p><strong>Konto parafii:<\/strong> Pekao SA 26 1240 2382 1111 0000 3901 9174<\/p>\n\n\n\n\t\t<div id=\"intergeo_mapkTO\" class=\"intergeo_map_canvas\" style=\"width:100%;height:300px;width:100%;height:300px;\"><\/div>\n\t\t<script type=\"text\/javascript\">\n\t\t\t\/* <![CDATA[ *\/\n\t\t\tif (!window.intergeo_maps) window.intergeo_maps = [];\n\t\t\twindow.intergeo_maps.push( { container: 'intergeo_mapkTO', options: {\"lat\":51.24574155959999899323520367033779621124267578125,\"lng\":22.569039201300000740957329981029033660888671875,\"zoom\":16,\"overlays\":{\"marker\":[{\"position\":[\"51.246143\",\"22.565268\"],\"icon\":false,\"info\":\"<p>Parafia Nawr\\u00f3cenia \\u015aw. Paw\\u0142a w Lublinie<\\\/p>\",\"title\":\"Parafia Nawr\\u00f3cenia \\u015aw. Paw\\u0142a w Lublinie\",\"loc\":\"Bernardy\\u0144ska 5, Lublin, Poland\"}]}} } );\n\t\t\tif (!window.intergeo_maps_current) window.intergeo_maps_current = null;\n\t\t\t\/* ]]> *\/\n\t\t<\/script>\n\t\t\n","protected":false},"excerpt":{"rendered":"<p>Adres pocztowy: Parafia Nawr\u00f3cenia \u015aw. Paw\u0142aul. Bernardy\u0144ska 520-109 Lublin Telefon do kancelarii: 81 532 40 62 czynny w godz. pracy kancelarii &#8211; 17-18. Kancelaria parafialna czynna od poniedzia\u0142ku do pi\u0105tku w godz. 17-18. E-mail: parafia.pawel.lublin@gmail.com<a class=\"read-more\" href=\"https:\/\/pawel.lublin.pl\/swpawel\/kontakt-2\/\">Czytaj dalej<\/a><\/p>\n","protected":false},"author":1,"featured_media":0,"parent":0,"menu_order":0,"comment_status":"closed","ping_status":"closed","template":"","meta":{"jetpack_post_was_ever_published":false,"footnotes":""},"class_list":["post-1356","page","type-page","status-publish","hentry"],"jetpack_sharing_enabled":true,"jetpack_shortlink":"https:\/\/wp.me\/Pa9t0m-lS","_links":{"self":[{"href":"https:\/\/pawel.lublin.pl\/swpawel\/wp-json\/wp\/v2\/pages\/1356","targetHints":{"allow":["GET"]}}],"collection":[{"href":"https:\/\/pawel.lublin.pl\/swpawel\/wp-json\/wp\/v2\/pages"}],"about":[{"href":"https:\/\/pawel.lublin.pl\/swpawel\/wp-json\/wp\/v2\/types\/page"}],"author":[{"embeddable":true,"href":"https:\/\/pawel.lublin.pl\/swpawel\/wp-json\/wp\/v2\/users\/1"}],"replies":[{"embeddable":true,"href":"https:\/\/pawel.lublin.pl\/swpawel\/wp-json\/wp\/v2\/comments?post=1356"}],"version-history":[{"count":7,"href":"https:\/\/pawel.lublin.pl\/swpawel\/wp-json\/wp\/v2\/pages\/1356\/revisions"}],"predecessor-version":[{"id":1946,"href":"https:\/\/pawel.lublin.pl\/swpawel\/wp-json\/wp\/v2\/pages\/1356\/revisions\/1946"}],"wp:attachment":[{"href":"https:\/\/pawel.lublin.pl\/swpawel\/wp-json\/wp\/v2\/media?parent=1356"}],"curies":[{"name":"wp","href":"https:\/\/api.w.org\/{rel}","templated":true}]}}