{"id":81,"date":"2018-08-06T13:27:32","date_gmt":"2018-08-06T11:27:32","guid":{"rendered":"https:\/\/pawel.lublin.pl\/swpawel\/?page_id=81"},"modified":"2024-10-14T19:48:53","modified_gmt":"2024-10-14T17:48:53","slug":"kontakt","status":"publish","type":"page","link":"https:\/\/pawel.lublin.pl\/swpawel\/kontakt\/","title":{"rendered":"Msze wotywne"},"content":{"rendered":"\n<p class=\"has-text-align-center has-large-font-size\">Zam\u00f3w intencje na msz\u0119 wotywn\u0105<\/p>\n\n\n\n<p><strong>Adres pocztowy:<\/strong><\/p>\n\n\n\n<p>Parafia Nawr\u00f3cenia \u015aw. Paw\u0142a<br>ul. Bernardy\u0144ska 5<br>20-109 Lublin<\/p>\n\n\n\n<p><strong>Telefon do kancelarii<\/strong>: 81 532 40 62 (<em>w godz. 17-18\u00a0<\/em>).<\/p>\n\n\n\n<p><strong>E-mail<\/strong>: parafia.pawel.lublin@gmail.com<\/p>\n\n\n\n<p><strong>Konto parafii:<\/strong> Pekao SA 26 1240 2382 1111 0000 3901 9174<\/p>\n\n\n\n<p class=\"has-text-align-center has-large-font-size\">Zam\u00f3w Intencj\u0119<\/p>\n\n\n\n<p class=\"has-text-align-center has-very-dark-gray-color has-text-color\"><div role=\"form\" class=\"wpcf7\" id=\"wpcf7-f1361-o1\" lang=\"pl-PL\" dir=\"ltr\">\n<div class=\"screen-reader-response\"><p role=\"status\" aria-live=\"polite\" aria-atomic=\"true\"><\/p> <ul><\/ul><\/div>\n<form action=\"\/swpawel\/wp-json\/wp\/v2\/pages\/81#wpcf7-f1361-o1\" method=\"post\" class=\"wpcf7-form init\" novalidate=\"novalidate\" data-status=\"init\">\n<div style=\"display: none;\">\n<input type=\"hidden\" name=\"_wpcf7\" value=\"1361\" \/>\n<input type=\"hidden\" name=\"_wpcf7_version\" value=\"5.3.2\" \/>\n<input type=\"hidden\" name=\"_wpcf7_locale\" value=\"pl_PL\" \/>\n<input type=\"hidden\" name=\"_wpcf7_unit_tag\" value=\"wpcf7-f1361-o1\" \/>\n<input type=\"hidden\" name=\"_wpcf7_container_post\" value=\"0\" \/>\n<input type=\"hidden\" name=\"_wpcf7_posted_data_hash\" value=\"\" \/>\n<\/div>\n<p><label> Twoje imi\u0119<br \/>\n    <span class=\"wpcf7-form-control-wrap your-name\"><input type=\"text\" name=\"your-name\" value=\"\" size=\"40\" class=\"wpcf7-form-control wpcf7-text wpcf7-validates-as-required\" aria-required=\"true\" aria-invalid=\"false\" \/><\/span> <\/label><\/p>\n<p><label> Tw\u00f3j email<br \/>\n    <span class=\"wpcf7-form-control-wrap your-email\"><input type=\"email\" name=\"your-email\" value=\"\" size=\"40\" class=\"wpcf7-form-control wpcf7-text wpcf7-email wpcf7-validates-as-required wpcf7-validates-as-email\" aria-required=\"true\" aria-invalid=\"false\" \/><\/span> <\/label><\/p>\n<p><label> Wyb\u00f3r mszy <\/label><br \/>\n<span class=\"wpcf7-form-control-wrap checkbox-826\"><span class=\"wpcf7-form-control wpcf7-checkbox wpcf7-validates-as-required wpcf7-exclusive-checkbox\"><span class=\"wpcf7-list-item first\"><label><input type=\"checkbox\" name=\"checkbox-826\" value=\"Msza do \u015bw. Antoniego\" \/><span class=\"wpcf7-list-item-label\">Msza do \u015bw. Antoniego<\/span><\/label><\/span><span class=\"wpcf7-list-item\"><label><input type=\"checkbox\" name=\"checkbox-826\" value=\"Msza do \u015bw. Walentego\" \/><span class=\"wpcf7-list-item-label\">Msza do \u015bw. Walentego<\/span><\/label><\/span><span class=\"wpcf7-list-item last\"><label><input type=\"checkbox\" name=\"checkbox-826\" value=\"Obie\" \/><span class=\"wpcf7-list-item-label\">Obie<\/span><\/label><\/span><\/span><\/span> <\/p>\n<p><label> Temat intencji<br \/>\n    <span class=\"wpcf7-form-control-wrap your-subject\"><input type=\"text\" name=\"your-subject\" value=\"\" size=\"40\" class=\"wpcf7-form-control wpcf7-text wpcf7-validates-as-required\" aria-required=\"true\" aria-invalid=\"false\" \/><\/span> <\/label><\/p>\n<p><input type=\"submit\" value=\"Wy\u015blij\" class=\"wpcf7-form-control wpcf7-submit\" \/><\/p>\n<p style=\"display: none !important;\" class=\"akismet-fields-container\" data-prefix=\"_wpcf7_ak_\"><label>&#916;<textarea name=\"_wpcf7_ak_hp_textarea\" cols=\"45\" rows=\"8\" maxlength=\"100\"><\/textarea><\/label><input type=\"hidden\" id=\"ak_js_1\" name=\"_wpcf7_ak_js\" value=\"92\"\/><script>document.getElementById( \"ak_js_1\" ).setAttribute( \"value\", ( new Date() ).getTime() );<\/script><\/p><div class=\"wpcf7-response-output\" aria-hidden=\"true\"><\/div><\/form><\/div><\/p>\n","protected":false},"excerpt":{"rendered":"<p>Zam\u00f3w intencje na msz\u0119 wotywn\u0105 Adres pocztowy: Parafia Nawr\u00f3cenia \u015aw. Paw\u0142aul. Bernardy\u0144ska 520-109 Lublin Telefon do kancelarii: 81 532 40 62 (w godz. 17-18\u00a0). E-mail: parafia.pawel.lublin@gmail.com Konto parafii: Pekao SA 26 1240 2382 1111 0000<a class=\"read-more\" href=\"https:\/\/pawel.lublin.pl\/swpawel\/kontakt\/\">Czytaj dalej<\/a><\/p>\n","protected":false},"author":1,"featured_media":0,"parent":0,"menu_order":0,"comment_status":"closed","ping_status":"closed","template":"","meta":{"jetpack_post_was_ever_published":false,"footnotes":""},"class_list":["post-81","page","type-page","status-publish","hentry"],"jetpack_sharing_enabled":true,"jetpack_shortlink":"https:\/\/wp.me\/Pa9t0m-1j","_links":{"self":[{"href":"https:\/\/pawel.lublin.pl\/swpawel\/wp-json\/wp\/v2\/pages\/81","targetHints":{"allow":["GET"]}}],"collection":[{"href":"https:\/\/pawel.lublin.pl\/swpawel\/wp-json\/wp\/v2\/pages"}],"about":[{"href":"https:\/\/pawel.lublin.pl\/swpawel\/wp-json\/wp\/v2\/types\/page"}],"author":[{"embeddable":true,"href":"https:\/\/pawel.lublin.pl\/swpawel\/wp-json\/wp\/v2\/users\/1"}],"replies":[{"embeddable":true,"href":"https:\/\/pawel.lublin.pl\/swpawel\/wp-json\/wp\/v2\/comments?post=81"}],"version-history":[{"count":19,"href":"https:\/\/pawel.lublin.pl\/swpawel\/wp-json\/wp\/v2\/pages\/81\/revisions"}],"predecessor-version":[{"id":1965,"href":"https:\/\/pawel.lublin.pl\/swpawel\/wp-json\/wp\/v2\/pages\/81\/revisions\/1965"}],"wp:attachment":[{"href":"https:\/\/pawel.lublin.pl\/swpawel\/wp-json\/wp\/v2\/media?parent=81"}],"curies":[{"name":"wp","href":"https:\/\/api.w.org\/{rel}","templated":true}]}}